{"id":2,"date":"2019-01-17T03:05:10","date_gmt":"2019-01-17T03:05:10","guid":{"rendered":"https:\/\/mainecool.com\/chatterie\/?page_id=2"},"modified":"2019-01-24T03:12:01","modified_gmt":"2019-01-24T03:12:01","slug":"a-propos","status":"publish","type":"page","link":"https:\/\/mainecool.com\/chatterie\/a-propos\/","title":{"rendered":"\u00c0 Propos"},"content":{"rendered":"\n<div class=\"wp-block-image\"><figure class=\"alignleft is-resized\"><img loading=\"lazy\" decoding=\"async\" src=\"https:\/\/mainecool.com\/chatterie\/wp-content\/uploads\/2019\/01\/chaton01-e1547855008548.jpg\" alt=\"\" class=\"wp-image-87\" width=\"146\" height=\"183\"\/><\/figure><\/div>\n\n\n\n<figure class=\"wp-block-pullquote\"><blockquote><p>Chatterie en milieu familial sans cage.<\/p><p><\/p><\/blockquote><\/figure>\n\n\n\n<blockquote style=\"text-align:left\" class=\"wp-block-quote is-style-default is-layout-flow wp-block-quote-is-layout-flow\"><p>Tous nos chats et chatons font partie int\u00e9grante de notre famille, ils sont sociabilis\u00e9 d\u00e8s leur plus jeune \u00e2ge.<\/p><p>Notre priorit\u00e9 est de vous offrir un chaton en sant\u00e9 avec un temp\u00e9rament irr\u00e9prochable.<\/p><p>Apr\u00e8s la prise de possession, vous avez des questions ou autre information nous serons toujours disponible.<\/p><p><strong>Notre chatterie est test\u00e9 : <\/strong>\u00ab\u00a0<strong> FIL \/ FELV,HCM\u00a0\u00bb<\/strong><\/p><p><strong>Nous sommes enregistrer : CFA-TICA<\/strong><\/p><p><em>France Coolidge \/ \u00c9leveuse de Maine Coon<\/em><\/p><p><\/p><cite><br>\n<div class=\"gdgallery-gallery-container\" id=\"gdgallery-container-6\" data-id=\"6\">\n    \n<div id=\"gdgallery_container_6\" style=\"display:none;\" data-view=\"grid\">\n            <a href=\"\">\n            <img decoding=\"async\" alt=\"CFA\"\n                 data-type=\"image\"\n                 src=\"https:\/\/mainecool.com\/chatterie\/wp-content\/uploads\/2019\/01\/cfa-petit.png\"\n                 data-image=\"https:\/\/mainecool.com\/chatterie\/wp-content\/uploads\/2019\/01\/cfa-petit.png\"\n                 data-description=\"\"\n                                 style=\"display:block\">\n        <\/a>\n            <a href=\"\">\n            <img decoding=\"async\" alt=\"TICA\"\n                 data-type=\"image\"\n                 src=\"https:\/\/mainecool.com\/chatterie\/wp-content\/uploads\/2019\/01\/TICA_Logo-1.jpg\"\n                 data-image=\"https:\/\/mainecool.com\/chatterie\/wp-content\/uploads\/2019\/01\/TICA_Logo-1.jpg\"\n                 data-description=\"\"\n                                 style=\"display:block\">\n        <\/a>\n            <a href=\"http:\/\/pawpeds.com\">\n            <img decoding=\"async\" alt=\"PawPeds\"\n                 data-type=\"image\"\n                 src=\"https:\/\/mainecool.com\/chatterie\/wp-content\/uploads\/2019\/01\/pawpeds_mini-1.png\"\n                 data-image=\"https:\/\/mainecool.com\/chatterie\/wp-content\/uploads\/2019\/01\/pawpeds_mini-1.png\"\n                 data-description=\"\"\n                                 style=\"display:block\">\n        <\/a>\n    <\/div>\n\n<script type=\"text\/javascript\">\n    (function() {\n        var runMyCode = function() {\n            jQuery(document).ready(function () {\n                var container = jQuery(\"#gdgallery_container_6\");\n                container.unitegallery({\"gallery_theme\":\"tilesgrid\",\"tile_width\":200,\"tile_height\":200,\"grid_space_between_cols\":20,\"grid_space_between_rows\":20,\"gallery_width\":\"100%\",\"gallery_background_color\":\"#FFFFFF\",\"theme_navigation_type\":\"bullets\",\"theme_bullets_margin_top\":50,\"theme_bullets_color\":\"gray\",\"bullets_space_between\":15,\"theme_arrows_margin_top\":50,\"theme_space_between_arrows\":20,\"theme_navigation_align\":\"center\",\"theme_navigation_offset_hor\":0,\"grid_num_rows\":3,\"tile_enable_textpanel\":true,\"tile_textpanel_title_text_align\":\"left\",\"tile_textpanel_title_font_size\":\"16\",\"tile_textpanel_title_color\":\"#FFFFFF\",\"tile_textpanel_bg_color\":\"#333333\",\"tile_textpanel_bg_opacity\":0.7,\"tile_enable_border\":true,\"tile_border_width\":\"1\",\"tile_border_color\":\"#333333\",\"tile_border_radius\":\"3\",\"tile_enable_overlay\":true,\"tile_enable_image_effect\":true,\"tile_image_effect_type\":\"blur\",\"tile_image_effect_reverse\":true,\"tile_enable_shadow\":true,\"tile_as_link\":false,\"tile_enable_icons\":true,\"tile_show_link_icon\":true,\"tile_textpanel_appear_type\":\"slide\",\"tile_textpanel_position\":\"bottom\",\"tile_link_newpage\":true,\"lightbox_type\":\"wide\",\"lightbox_arrows_offset\":0,\"lightbox_overlay_color\":\"#000000\",\"lightbox_overlay_opacity\":1,\"lightbox_top_panel_opacity\":1,\"lightbox_show_numbers\":true,\"lightbox_numbers_size\":\"15\",\"lightbox_numbers_color\":\"#FFFFFF\",\"lightbox_slider_image_border_width\":\"0\",\"lightbox_slider_image_border_color\":\"#FFFFFF\",\"lightbox_slider_image_border_radius\":0,\"lightbox_slider_image_shadow\":true,\"lightbox_slider_control_swipe\":true,\"lightbox_slider_control_zoom\":true,\"lightbox_slider_image_border\":true,\"lightbox_show_textpanel\":true,\"lightbox_textpanel_enable_title\":true,\"lightbox_textpanel_enable_description\":false,\"lightbox_textpanel_padding_top\":5,\"lightbox_textpanel_padding_bottom\":5,\"lightbox_textpanel_padding_right\":5,\"lightbox_textpanel_padding_left\":5,\"lightbox_textpanel_title_color\":\"#FFFFFF\",\"lightbox_textpanel_title_text_align\":\"center\",\"lightbox_textpanel_title_font_size\":\"16\",\"lightbox_textpanel_desc_color\":\"#FFFFFF\",\"lightbox_textpanel_desc_text_align\":\"center\",\"lightbox_textpanel_desc_font_size\":\"14\"});\n            });\n        };\n        var timer = function() {\n            if (window.jQuery) {runMyCode(window.jQuery);}\n            else {window.setTimeout(timer, 100);}\n        };\n        timer();\n    })();\n<\/script>\n<style>.ug-lightbox .ug-lightbox-top-panel-overlay{\n    background-color: #000000 !important;\n}\n#gdgallery_container_6{}<\/style>\n<\/div>\n\n\n\n\n\n<\/cite><\/blockquote>\n<!-- AddThis Advanced Settings generic via filter on the_content --><!-- AddThis Share Buttons generic via filter on the_content -->","protected":false},"excerpt":{"rendered":"<p>Chatterie en milieu familial sans cage. Tous nos chats et chatons font partie int\u00e9grante de notre famille, ils sont sociabilis\u00e9 d\u00e8s leur plus jeune \u00e2ge. Notre priorit\u00e9 est de vous offrir un chaton en sant\u00e9 avec un temp\u00e9rament irr\u00e9prochable. Apr\u00e8s la prise de possession, vous avez des questions ou autre information nous serons toujours disponible. &hellip; <\/p>\n<p><a class=\"more-link btn\" href=\"https:\/\/mainecool.com\/chatterie\/a-propos\/\">Lire la suite<\/a><!-- AddThis Advanced Settings generic via filter on get_the_excerpt --><!-- AddThis Share Buttons generic via filter on get_the_excerpt --><\/p>\n","protected":false},"author":1,"featured_media":0,"parent":0,"menu_order":0,"comment_status":"closed","ping_status":"closed","template":"template-onecolumn.php","meta":{"footnotes":""},"class_list":["post-2","page","type-page","status-publish","hentry","nodate","item-wrap"],"_links":{"self":[{"href":"https:\/\/mainecool.com\/chatterie\/wp-json\/wp\/v2\/pages\/2","targetHints":{"allow":["GET"]}}],"collection":[{"href":"https:\/\/mainecool.com\/chatterie\/wp-json\/wp\/v2\/pages"}],"about":[{"href":"https:\/\/mainecool.com\/chatterie\/wp-json\/wp\/v2\/types\/page"}],"author":[{"embeddable":true,"href":"https:\/\/mainecool.com\/chatterie\/wp-json\/wp\/v2\/users\/1"}],"replies":[{"embeddable":true,"href":"https:\/\/mainecool.com\/chatterie\/wp-json\/wp\/v2\/comments?post=2"}],"version-history":[{"count":26,"href":"https:\/\/mainecool.com\/chatterie\/wp-json\/wp\/v2\/pages\/2\/revisions"}],"predecessor-version":[{"id":459,"href":"https:\/\/mainecool.com\/chatterie\/wp-json\/wp\/v2\/pages\/2\/revisions\/459"}],"wp:attachment":[{"href":"https:\/\/mainecool.com\/chatterie\/wp-json\/wp\/v2\/media?parent=2"}],"curies":[{"name":"wp","href":"https:\/\/api.w.org\/{rel}","templated":true}]}}