{"id":377,"date":"2019-01-21T22:20:46","date_gmt":"2019-01-21T22:20:46","guid":{"rendered":"https:\/\/mainecool.com\/chatterie\/?page_id=377"},"modified":"2019-01-24T02:26:27","modified_gmt":"2019-01-24T02:26:27","slug":"alice","status":"publish","type":"page","link":"https:\/\/mainecool.com\/chatterie\/alice\/","title":{"rendered":"ALICE"},"content":{"rendered":"\n<div class=\"wp-block-image\"><figure class=\"alignright is-resized\"><img loading=\"lazy\" decoding=\"async\" src=\"https:\/\/mainecool.com\/chatterie\/wp-content\/uploads\/2019\/01\/alice.jpg\" alt=\"\" class=\"wp-image-378\" width=\"279\" height=\"372\" srcset=\"https:\/\/mainecool.com\/chatterie\/wp-content\/uploads\/2019\/01\/alice.jpg 480w, https:\/\/mainecool.com\/chatterie\/wp-content\/uploads\/2019\/01\/alice-225x300.jpg 225w\" sizes=\"auto, (max-width: 279px) 100vw, 279px\" \/><\/figure><\/div>\n\n\n\n<figure class=\"wp-block-pullquote\"><blockquote><p>\nALICE OF SHONYCCON&rsquo;S\n<cite>(IMPORT\u00c9E D&rsquo;ITALIE)\n<\/cite><\/p><\/blockquote><\/figure>\n\n\n\n<h2 class=\"wp-block-heading\">Femelle<\/h2>\n\n\n\n<ul class=\"wp-block-list\"><li>N\u00e9e : 29-07-2015<\/li><li>Black tortie tabby and white. F0922<\/li><\/ul>\n\n\n\n<p>Certifications :<\/p>\n\n\n\n<ul class=\"wp-block-list\"><li>FELV &#8211; N\u00e9gatif, FIV-n\u00e9gatif, HCM-Parents test\u00e9s n\/n<\/li><\/ul>\n\n\n\n<p>Pedigree sur Pawpeds<\/p>\n\n\n\n<figure class=\"wp-block-image\"><img loading=\"lazy\" decoding=\"async\" width=\"176\" height=\"80\" src=\"https:\/\/mainecool.com\/chatterie\/wp-content\/uploads\/2019\/01\/pawpeds_mini.png\" alt=\"\" class=\"wp-image-77\"\/><\/figure>\n\n\n\n<p>Galerie photo de Alice<br>\n<div class=\"gdgallery-gallery-container\" id=\"gdgallery-container-4\" data-id=\"4\">\n    <h3 class='gdgallery_title_h3' style='text-align: center;'>Priceless<\/h3>\n<div id=\"gdgallery_container_4\" style=\"display:none;\" data-view=\"justified\">\n            <a href=\"\" target=\"_blank\">\n            <img decoding=\"async\" alt=\"Priceless-2\"\n                 data-type=\"image\"\n                 src=\"https:\/\/mainecool.com\/chatterie\/wp-content\/uploads\/2019\/01\/Priceless-2.jpg\"\n                 data-image=\"https:\/\/mainecool.com\/chatterie\/wp-content\/uploads\/2019\/01\/Priceless-2.jpg\"\n                 data-description=\"\"\n                                 style=\"display:block\">\n        <\/a>\n            <a href=\"\" target=\"_blank\">\n            <img decoding=\"async\" alt=\"IMG_3845\"\n                 data-type=\"image\"\n                 src=\"https:\/\/mainecool.com\/chatterie\/wp-content\/uploads\/2019\/01\/IMG_3845.jpg\"\n                 data-image=\"https:\/\/mainecool.com\/chatterie\/wp-content\/uploads\/2019\/01\/IMG_3845.jpg\"\n                 data-description=\"\"\n                                 style=\"display:block\">\n        <\/a>\n            <a href=\"\" target=\"_blank\">\n            <img decoding=\"async\" alt=\"Priceless-3\"\n                 data-type=\"image\"\n                 src=\"https:\/\/mainecool.com\/chatterie\/wp-content\/uploads\/2019\/01\/Priceless-3-1.jpg\"\n                 data-image=\"https:\/\/mainecool.com\/chatterie\/wp-content\/uploads\/2019\/01\/Priceless-3-1.jpg\"\n                 data-description=\"\"\n                                 style=\"display:block\">\n        <\/a>\n            <a href=\"\" target=\"_blank\">\n            <img decoding=\"async\" alt=\"Priceless-4\"\n                 data-type=\"image\"\n                 src=\"https:\/\/mainecool.com\/chatterie\/wp-content\/uploads\/2019\/01\/Priceless-4.jpg\"\n                 data-image=\"https:\/\/mainecool.com\/chatterie\/wp-content\/uploads\/2019\/01\/Priceless-4.jpg\"\n                 data-description=\"\"\n                                 style=\"display:block\">\n        <\/a>\n            <a href=\"\" target=\"_blank\">\n            <img decoding=\"async\" alt=\"Priceless-5\"\n                 data-type=\"image\"\n                 src=\"https:\/\/mainecool.com\/chatterie\/wp-content\/uploads\/2019\/01\/Priceless-5.jpg\"\n                 data-image=\"https:\/\/mainecool.com\/chatterie\/wp-content\/uploads\/2019\/01\/Priceless-5.jpg\"\n                 data-description=\"\"\n                                 style=\"display:block\">\n        <\/a>\n            <a href=\"\" target=\"_blank\">\n            <img decoding=\"async\" alt=\"Priceless-7\"\n                 data-type=\"image\"\n                 src=\"https:\/\/mainecool.com\/chatterie\/wp-content\/uploads\/2019\/01\/Priceless-7.jpg\"\n                 data-image=\"https:\/\/mainecool.com\/chatterie\/wp-content\/uploads\/2019\/01\/Priceless-7.jpg\"\n                 data-description=\"\"\n                                 style=\"display:block\">\n        <\/a>\n            <a href=\"\" target=\"_blank\">\n            <img decoding=\"async\" alt=\"Priceless-8\"\n                 data-type=\"image\"\n                 src=\"https:\/\/mainecool.com\/chatterie\/wp-content\/uploads\/2019\/01\/Priceless-8.jpg\"\n                 data-image=\"https:\/\/mainecool.com\/chatterie\/wp-content\/uploads\/2019\/01\/Priceless-8.jpg\"\n                 data-description=\"\"\n                                 style=\"display:block\">\n        <\/a>\n            <a href=\"\" target=\"_blank\">\n            <img decoding=\"async\" alt=\"Priceless-9\"\n                 data-type=\"image\"\n                 src=\"https:\/\/mainecool.com\/chatterie\/wp-content\/uploads\/2019\/01\/Priceless-9.jpg\"\n                 data-image=\"https:\/\/mainecool.com\/chatterie\/wp-content\/uploads\/2019\/01\/Priceless-9.jpg\"\n                 data-description=\"\"\n                                 style=\"display:block\">\n        <\/a>\n            <a href=\"\" target=\"_blank\">\n            <img decoding=\"async\" alt=\"Priceless-10\"\n                 data-type=\"image\"\n                 src=\"https:\/\/mainecool.com\/chatterie\/wp-content\/uploads\/2019\/01\/Priceless-10.jpg\"\n                 data-image=\"https:\/\/mainecool.com\/chatterie\/wp-content\/uploads\/2019\/01\/Priceless-10.jpg\"\n                 data-description=\"\"\n                                 style=\"display:block\">\n        <\/a>\n    <\/div>\n\n\n\n<script type=\"text\/javascript\">\n\n\n    (function() {\n        var runMyCode = function() {\n            jQuery(document).ready(function () {\n                var container = jQuery(\"#gdgallery_container_4\");\n                container.unitegallery({\"gallery_theme\":\"justified\",\"tiles_type\":\"justified\",\"tiles_justified_space_between\":10,\"tile_enable_textpanel\":true,\"tile_textpanel_always_on\":true,\"tile_textpanel_title_text_align\":\"center\",\"tile_textpanel_title_font_size\":\"16\",\"tile_textpanel_title_color\":\"#FFFFFF\",\"tile_textpanel_bg_color\":\"#333333\",\"tile_textpanel_bg_opacity\":0.7,\"tile_enable_border\":true,\"tile_border_width\":\"0\",\"tile_border_color\":\"#333333\",\"tile_border_radius\":\"0\",\"tile_enable_overlay\":true,\"tile_enable_image_effect\":true,\"tile_image_effect_type\":\"blur\",\"tile_image_effect_reverse\":true,\"tile_enable_shadow\":false,\"tile_as_link\":false,\"tile_enable_icons\":true,\"tile_show_link_icon\":true,\"tile_textpanel_appear_type\":\"slide\",\"tile_textpanel_position\":\"inside_bottom\",\"tile_link_newpage\":true,\"lightbox_type\":\"wide\",\"lightbox_arrows_offset\":0,\"lightbox_overlay_color\":\"#000000\",\"lightbox_overlay_opacity\":1,\"lightbox_top_panel_opacity\":1,\"lightbox_show_numbers\":true,\"lightbox_numbers_size\":\"15\",\"lightbox_numbers_color\":\"#FFFFFF\",\"lightbox_slider_image_border_width\":\"0\",\"lightbox_slider_image_border_color\":\"#FFFFFF\",\"lightbox_slider_image_border_radius\":0,\"lightbox_slider_image_shadow\":true,\"lightbox_slider_control_swipe\":true,\"lightbox_slider_control_zoom\":true,\"lightbox_slider_image_border\":true,\"lightbox_show_textpanel\":true,\"lightbox_textpanel_enable_title\":true,\"lightbox_textpanel_enable_description\":false,\"lightbox_textpanel_padding_top\":5,\"lightbox_textpanel_padding_bottom\":5,\"lightbox_textpanel_padding_right\":5,\"lightbox_textpanel_padding_left\":5,\"lightbox_textpanel_title_color\":\"#FFFFFF\",\"lightbox_textpanel_title_text_align\":\"center\",\"lightbox_textpanel_title_font_size\":\"16\",\"lightbox_textpanel_desc_color\":\"#FFFFFF\",\"lightbox_textpanel_desc_text_align\":\"center\",\"lightbox_textpanel_desc_font_size\":\"14\"});\n            });\n        };\n        var timer = function() {\n            if (window.jQuery) {runMyCode(window.jQuery);}\n            else {window.setTimeout(timer, 100);}\n        };\n        timer();\n    })();\n<\/script><style>\n#gdgallery-container-4 {\n   text-align: center}\n\n.gdgallery-pagination-4{\ntext-align: center !important;\n}\n\n.gdgallery-pagination-4 a{\n    font-size: 15px !important;\n    padding: 8px 13px !important;\n    margin: 3px !important;\n    border: 1px solid #333333 !important;\n    border-radius: 0px !important;\n    color: #333333 !important;\n    background-color: #FFFFFF !important;\n    font-family: monospace !important;\n}\n\n.gdgallery-pagination-4 a:hover, .gdgallery-pagination-4 a.gdgallery-pagination-icon-active{\n    color: #FFFFFF !important;\n    background-color: #333333 !important;\n    border-color: #333333 !important;\n}\n\n#gdgallery-container-4 .gdgallery_load_more_space{\n    margin-top: 20px !important;\n    text-align: center !important;\n}\n\n#gdgallery-container-4 .gdgallery_load_more_space button{\n                      padding: 8px 13px !important;\n    font-size: 15px !important;\n    background-color: #333333 !important;\n    color: #FFFFFF !important;\n    border:1px solid #333333 !important;\n                      border-radius: 0px !important;\n                      font-family: monospace !important;\n                  }\n#gdgallery-container-4 .gdgallery_load_more_space button:hover{\n                      background-color: #FFFFFF !important;\n                      color: #333333 !important;\n                      border-color: #333333 !important;\n                  }\n\n#gdgallery-container-4 .gdgallery_load_more_space button,\n#gdgallery-container-4 .gdgallery_load_more_space button:hover,\n#gdgallery-container-4 .gdgallery_load_more_space button:active,\n#gdgallery-container-4 .gdgallery_load_more_space button:focus{\n    outline: none !important;\n}\n\n\n#gdgallery-container-4 .gdgallery_loading li{\n                      border: 3px solid #333333 !important;\n                  }\n\n.ug-lightbox .ug-lightbox-top-panel-overlay{\n    background-color: #000000 !important;\n}\n\n\n                  #gdgallery_container_4{}\n<\/style>\n\n\n\n<\/div>\n\n\n\n\n\n<\/p>\n\n\n\n<p><\/p>\n<!-- AddThis Advanced Settings generic via filter on the_content --><!-- AddThis Share Buttons generic via filter on the_content -->","protected":false},"excerpt":{"rendered":"<p>ALICE OF SHONYCCON&rsquo;S (IMPORT\u00c9E D&rsquo;ITALIE) Femelle N\u00e9e : 29-07-2015 Black tortie tabby and white. F0922 Certifications : FELV &#8211; N\u00e9gatif, FIV-n\u00e9gatif, HCM-Parents test\u00e9s n\/n Pedigree sur Pawpeds Galerie photo de Alice<!-- AddThis Advanced Settings generic via filter on get_the_excerpt --><!-- AddThis Share Buttons generic via filter on get_the_excerpt --><\/p>\n","protected":false},"author":1,"featured_media":221,"parent":0,"menu_order":0,"comment_status":"closed","ping_status":"closed","template":"","meta":{"footnotes":""},"class_list":["post-377","page","type-page","status-publish","has-post-thumbnail","hentry","nodate","item-wrap"],"_links":{"self":[{"href":"https:\/\/mainecool.com\/chatterie\/wp-json\/wp\/v2\/pages\/377","targetHints":{"allow":["GET"]}}],"collection":[{"href":"https:\/\/mainecool.com\/chatterie\/wp-json\/wp\/v2\/pages"}],"about":[{"href":"https:\/\/mainecool.com\/chatterie\/wp-json\/wp\/v2\/types\/page"}],"author":[{"embeddable":true,"href":"https:\/\/mainecool.com\/chatterie\/wp-json\/wp\/v2\/users\/1"}],"replies":[{"embeddable":true,"href":"https:\/\/mainecool.com\/chatterie\/wp-json\/wp\/v2\/comments?post=377"}],"version-history":[{"count":3,"href":"https:\/\/mainecool.com\/chatterie\/wp-json\/wp\/v2\/pages\/377\/revisions"}],"predecessor-version":[{"id":444,"href":"https:\/\/mainecool.com\/chatterie\/wp-json\/wp\/v2\/pages\/377\/revisions\/444"}],"wp:featuredmedia":[{"embeddable":true,"href":"https:\/\/mainecool.com\/chatterie\/wp-json\/wp\/v2\/media\/221"}],"wp:attachment":[{"href":"https:\/\/mainecool.com\/chatterie\/wp-json\/wp\/v2\/media?parent=377"}],"curies":[{"name":"wp","href":"https:\/\/api.w.org\/{rel}","templated":true}]}}